{"id":1173,"date":"2016-11-14T20:06:47","date_gmt":"2016-11-14T20:06:47","guid":{"rendered":"http:\/\/cyqm.ca\/fr\/?page_id=1173"},"modified":"2024-10-11T16:02:57","modified_gmt":"2024-10-11T16:02:57","slug":"environnementales","status":"publish","type":"page","link":"https:\/\/www.cyqm.ca\/fr\/sujet-de-yqm\/environnement\/environnementales\/","title":{"rendered":"Programmes environnementales"},"content":{"rendered":"<p>Notre a\u00e9roport poss\u00e8de un syst\u00e8me de gestion environnementale qui r\u00e9pond \u00e0 la norme ISO14001 et qui comprend de nombreux programmes et proc\u00e9dures :<\/p>\n<ul>\n<li>Gestion des r\u00e9servoirs de stockage<\/li>\n<li>Gestion des d\u00e9chets<\/li>\n<li>R\u00e9duction des \u00e9missions de carbone<\/li>\n<li>Gestion de la faune<\/li>\n<li>Gestion des halocarbures (refroidissement et climatisation)<\/li>\n<li>Gestion des incidents environnementaux et pr\u00e9paration aux urgences<\/li>\n<li>Gestion du d\u00e9givrage et de l&#8217;antigivrage des a\u00e9ronefs (d&#8217;octobre \u00e0 mai de chaque ann\u00e9e)<\/li>\n<li>Gestion des projects et des activit\u00e9s de construction<\/li>\n<li>Audit environnemental<\/li>\n<\/ul>\n<h4><strong>Programme &#8220;Airport Carbon Reduction&#8221;<\/strong><\/h4>\n<p><img loading=\"lazy\" decoding=\"async\" class=\"size-full wp-image-26042 alignright fresco-image\" src=\"https:\/\/cyqm.ca\/wp-content\/uploads\/2024\/10\/ACA_level_2_logo_reduction_positive-300x212-1.webp\" alt=\"\" width=\"300\" height=\"212\" srcset=\"https:\/\/www.cyqm.ca\/wp-content\/uploads\/2024\/10\/ACA_level_2_logo_reduction_positive-300x212-1.webp 300w, https:\/\/www.cyqm.ca\/wp-content\/uploads\/2024\/10\/ACA_level_2_logo_reduction_positive-300x212-1-200x141.webp 200w, https:\/\/www.cyqm.ca\/wp-content\/uploads\/2024\/10\/ACA_level_2_logo_reduction_positive-300x212-1-160x113.webp 160w\" sizes=\"auto, (max-width: 300px) 100vw, 300px\" \/>YQM a atteint le niveau 2 du programme \u00ab Airport Carbon Accreditation \u00bb du Conseil international des a\u00e9roports (ACI). Le programme \u00ab Airport Carbon Accreditation \u00bb est le seul programme mondial de certification de la gestion des \u00e9missions de carbone pour les a\u00e9roports qui soit approuv\u00e9 par les institutions. Il \u00e9value et reconna\u00eet de mani\u00e8re ind\u00e9pendante les efforts d\u00e9ploy\u00e9s par les a\u00e9roports pour g\u00e9rer et r\u00e9duire leurs \u00e9missions de carbone. Le programme fournit un cadre commun unique et des outils pour une gestion active du carbone dans les a\u00e9roports avec des r\u00e9sultats mesurables.<\/p>\n<p>Pour obtenir l\u2019accr\u00e9ditation de niveau 2 (R\u00e9duction) dans le programme \u00ab Airport Carbon Accreditation \u00bb, YQM a d\u00e9montr\u00e9 un fort engagement \u00e0 r\u00e9duire les \u00e9missions de gaz \u00e0 effet de serre (GES) de la port\u00e9e 1 et 2 ainsi qu\u2019une diminution mesurable de ses \u00e9missions en 2023, calcul\u00e9e \u00e0 partir d\u2019une moyenne mobile sur trois ans excluant les donn\u00e9es de 2020.\u00a0 Nous continuons \u00e0 promouvoir l&#8217;efficacit\u00e9 \u00e9nerg\u00e9tique aupr\u00e8s de notre personnel et de nos parties prenantes et nous nous sommes d\u00e9vou\u00e9s \u00e0 faire le point r\u00e9guli\u00e8rement sur les derni\u00e8res technologies lorsqu&#8217;il sera possible de le faire.<\/p>\n<h4>\u00c9conomie de l\u2019eau potable<\/h4>\n<p>Ces derni\u00e8res ann\u00e9es, des initiatives on \u00e9t\u00e9 introduites pour r\u00e9duire notre consommation d\u2019eau dans l\u2019a\u00e9rogare. Des brise\u2011jets sur les robinets des toilettes permettent de r\u00e9duire la consommation d&#8217;eau aux robinets. D\u2019autres initiatives, telle que le remplacement des robinets de chasse d\u2019eau des urinoirs et la r\u00e9initialisation des d\u00e9bits des toilettes, ont \u00e9galement \u00e9t\u00e9 men\u00e9es \u00e0 bien pour r\u00e9duire le volume d&#8217;eau.<\/p>\n<h4><strong>Programmes de r\u00e9acheminement des d\u00e9chets<\/strong><\/h4>\n<p>Dans la mesure du possible, la Direction de l\u2019A\u00e9roport international du Grand Moncton Inc. (DAIGM) trie les d\u00e9chets que produit l&#8217;a\u00e9roport afin de r\u00e9duire le plus possible ce qui est envoy\u00e9 vers les sites d&#8217;enfouissement.<\/p>\n<p>Des bacs ont donc \u00e9t\u00e9 plac\u00e9s dans toute l&#8217;a\u00e9rogare pour y d\u00e9poser les d\u00e9chets recyclables et les autres types de d\u00e9chets. Les d\u00e9chets organiques de certains endroits sont envoy\u00e9s dans une installation locale pour faire du compost.<\/p>\n<p>La DAIGM collecte \u00e9galement les piles et les t\u00e9l\u00e9phones cellulaires usag\u00e9s, qui sont recycl\u00e9s dans le cadre du programme Appel \u00e0 Recycler.<\/p>\n<h4><strong>\u00c9valuations environnementales<\/strong><\/h4>\n<p>YQM \u00e9value tous les projets entrepris dans le p\u00e9rim\u00e8tre de l&#8217;a\u00e9roport afin de d\u00e9terminer leur impact environnemental. Cela permet de s&#8217;assurer que, si n\u00e9cessaire, des mesures peuvent \u00eatre prises pour att\u00e9nuer tout effet n\u00e9gatif potentiel.<\/p>\n<h4>Avis sur les projets et les activit\u00e9s de construction<\/h4>\n<p>Les avis d&#8217;intention de d\u00e9terminer les effets d&#8217;un projet en vertu de la Loi sur l&#8217;\u00e9valuation d&#8217;impact sont affich\u00e9s dans le registre public de la Loi sur l&#8217;\u00e9valuation d&#8217;impact. Pour obtenir une liste des projets actuels et pr\u00e9c\u00e9dents affich\u00e9s par la Direction de l&#8217;A\u00e9roport international du Grand Moncton, veuillez consulter le lien ci-dessous :<\/p>\n<p><a href=\"https:\/\/iaac-aeic.gc.ca\/050\/evaluations\/index?culture=fr-CA\">Registre de l&#8217;AAI Registre canadien des \u00e9tudes d&#8217;impact (iaac-aeic.gc.ca)<\/a><\/p>\n","protected":false},"excerpt":{"rendered":"<p>Notre a\u00e9roport poss\u00e8de un syst\u00e8me de gestion environnementale qui r\u00e9pond \u00e0 la norme ISO14001 et qui comprend de nombreux programmes et proc\u00e9dures : Gestion des r\u00e9servoirs de stockage Gestion des d\u00e9chets R\u00e9duction des \u00e9missions de carbone Gestion de la faune Gestion des halocarbures (refroidissement et climatisation) Gestion des incidents environnementaux et pr\u00e9paration aux urgences Gestion [&hellip;]<\/p>\n","protected":false},"author":3,"featured_media":0,"parent":295,"menu_order":0,"comment_status":"closed","ping_status":"closed","template":"","meta":{"_acf_changed":false,"footnotes":""},"class_list":["post-1173","page","type-page","status-publish","hentry","listing__item","listing__item--page","no-comments"],"acf":[],"_links":{"self":[{"href":"https:\/\/www.cyqm.ca\/fr\/wp-json\/wp\/v2\/pages\/1173","targetHints":{"allow":["GET"]}}],"collection":[{"href":"https:\/\/www.cyqm.ca\/fr\/wp-json\/wp\/v2\/pages"}],"about":[{"href":"https:\/\/www.cyqm.ca\/fr\/wp-json\/wp\/v2\/types\/page"}],"author":[{"embeddable":true,"href":"https:\/\/www.cyqm.ca\/fr\/wp-json\/wp\/v2\/users\/3"}],"replies":[{"embeddable":true,"href":"https:\/\/www.cyqm.ca\/fr\/wp-json\/wp\/v2\/comments?post=1173"}],"version-history":[{"count":37,"href":"https:\/\/www.cyqm.ca\/fr\/wp-json\/wp\/v2\/pages\/1173\/revisions"}],"predecessor-version":[{"id":26044,"href":"https:\/\/www.cyqm.ca\/fr\/wp-json\/wp\/v2\/pages\/1173\/revisions\/26044"}],"up":[{"embeddable":true,"href":"https:\/\/www.cyqm.ca\/fr\/wp-json\/wp\/v2\/pages\/295"}],"wp:attachment":[{"href":"https:\/\/www.cyqm.ca\/fr\/wp-json\/wp\/v2\/media?parent=1173"}],"curies":[{"name":"wp","href":"https:\/\/api.w.org\/{rel}","templated":true}]}}