{"id":1646,"date":"2016-11-17T00:14:31","date_gmt":"2016-11-17T00:14:31","guid":{"rendered":"http:\/\/cyqm.ca\/fr\/?page_id=1646"},"modified":"2016-12-19T18:13:21","modified_gmt":"2016-12-19T18:13:21","slug":"informations-des-partenaires","status":"publish","type":"page","link":"https:\/\/www.cyqm.ca\/fr\/compagnies-aeriennes\/informations-des-partenaires\/","title":{"rendered":"Informations des partenaires d\u2019exploitants d\u2019a\u00e9ronefs"},"content":{"rendered":"<h3>Pr\u00e9pos\u00e9s au sol<\/h3>\n<p>Airport Terminal Services (ATS): (506) 858-5472<br \/>\nAir Canada (AC): (506) 857-1065<\/p>\n<h3>Carburant (avions \u00e0 r\u00e9action)<\/h3>\n<p>ASIG : (506) 857-9140<br \/>\nShell : (506) 857-0942<\/p>\n<h3>Carburant (AVGAS \u2013 essence aviation)<\/h3>\n<p>Moncton Flight College (MFC) : (506) 857-3080<\/p>\n","protected":false},"excerpt":{"rendered":"<p>Pr\u00e9pos\u00e9s au sol Airport Terminal Services (ATS): (506) 858-5472 Air Canada (AC): (506) 857-1065 Carburant (avions \u00e0 r\u00e9action) ASIG : (506) 857-9140 Shell : (506) 857-0942 Carburant (AVGAS \u2013 essence aviation) Moncton Flight College (MFC) : (506) 857-3080<\/p>\n","protected":false},"author":3,"featured_media":0,"parent":263,"menu_order":0,"comment_status":"closed","ping_status":"closed","template":"","meta":{"_acf_changed":false,"footnotes":""},"class_list":["post-1646","page","type-page","status-publish","hentry","listing__item","listing__item--page","no-comments"],"acf":[],"_links":{"self":[{"href":"https:\/\/www.cyqm.ca\/fr\/wp-json\/wp\/v2\/pages\/1646","targetHints":{"allow":["GET"]}}],"collection":[{"href":"https:\/\/www.cyqm.ca\/fr\/wp-json\/wp\/v2\/pages"}],"about":[{"href":"https:\/\/www.cyqm.ca\/fr\/wp-json\/wp\/v2\/types\/page"}],"author":[{"embeddable":true,"href":"https:\/\/www.cyqm.ca\/fr\/wp-json\/wp\/v2\/users\/3"}],"replies":[{"embeddable":true,"href":"https:\/\/www.cyqm.ca\/fr\/wp-json\/wp\/v2\/comments?post=1646"}],"version-history":[{"count":4,"href":"https:\/\/www.cyqm.ca\/fr\/wp-json\/wp\/v2\/pages\/1646\/revisions"}],"predecessor-version":[{"id":2032,"href":"https:\/\/www.cyqm.ca\/fr\/wp-json\/wp\/v2\/pages\/1646\/revisions\/2032"}],"up":[{"embeddable":true,"href":"https:\/\/www.cyqm.ca\/fr\/wp-json\/wp\/v2\/pages\/263"}],"wp:attachment":[{"href":"https:\/\/www.cyqm.ca\/fr\/wp-json\/wp\/v2\/media?parent=1646"}],"curies":[{"name":"wp","href":"https:\/\/api.w.org\/{rel}","templated":true}]}}