{"id":238,"date":"2016-07-18T17:19:02","date_gmt":"2016-07-18T17:19:02","guid":{"rendered":"http:\/\/cyqm.ca\/fr\/?page_id=238"},"modified":"2025-12-23T19:59:04","modified_gmt":"2025-12-23T19:59:04","slug":"transport","status":"publish","type":"page","link":"https:\/\/www.cyqm.ca\/fr\/de-de\/transport\/","title":{"rendered":"Transport"},"content":{"rendered":"<p>Que vous ayez tout simplement besoin d&#8217;\u00eatre reconduit \u00e0 l\u2019h\u00f4tel, \u00e0 la maison ou au bureau, ou que vous vouliez un moyen de transport plus \u00e0 long terme pendant votre s\u00e9jour dans la r\u00e9gion, de nombreuses entreprises desservent l&#8217;A\u00e9roport international Rom\u00e9o-LeBlanc du Grand Moncton (YQM) avec des services pour vos besoins de transport.<br \/>\n<a name=\"voitures-de-location\"><\/a><\/p>\n<h2>Voitures de location<\/h2>\n<p>Bon nombre d\u2019entreprises de location de v\u00e9hicules tr\u00e8s respect\u00e9es dans le monde se trouvent \u00e0 YQM.\u00a0 Leur comptoir de renseignements est situ\u00e9 au niveau principal de l\u2019a\u00e9rogare.<\/p>\n<table style=\"height: 599px;\" width=\"666\">\n<tbody>\n<tr style=\"height: 133px;\">\n<td style=\"width: 262.033px; height: 133px;\"><a href=\"https:\/\/www.avis.ca\/fr\/offers\/canada\/winter-sale\"><img loading=\"lazy\" decoding=\"async\" class=\"aligncenter wp-image-629 size-medium fresco-image\" src=\"https:\/\/cyqm.ca\/wp-content\/uploads\/2016\/10\/Rental-Car-Avis-e1476814987189-300x125.jpg\" alt=\"rental-car-avis\" width=\"300\" height=\"125\" srcset=\"https:\/\/www.cyqm.ca\/wp-content\/uploads\/2016\/10\/Rental-Car-Avis-e1476814987189-300x125.jpg 300w, https:\/\/www.cyqm.ca\/wp-content\/uploads\/2016\/10\/Rental-Car-Avis-e1476814987189-768x321.jpg 768w, https:\/\/www.cyqm.ca\/wp-content\/uploads\/2016\/10\/Rental-Car-Avis-e1476814987189-1024x428.jpg 1024w, https:\/\/www.cyqm.ca\/wp-content\/uploads\/2016\/10\/Rental-Car-Avis-e1476814987189-200x84.jpg 200w, https:\/\/www.cyqm.ca\/wp-content\/uploads\/2016\/10\/Rental-Car-Avis-e1476814987189-160x67.jpg 160w\" sizes=\"auto, (max-width: 300px) 100vw, 300px\" \/><\/a><\/td>\n<td style=\"width: 387.967px; height: 133px;\">T\u00e9l\u00e9phone : 506-855-7212<br \/>\nATS : 1-800-331-2323<br \/>\nCourriel : <a href=\"mailto:deanna.parker@abglocalmarket.ca\">deanna.parker@abglocalmarket.ca<\/a><br \/>\nSite web : <a href=\"https:\/\/www.avis.ca\/fr\/customer-service\/tty-and-tdd-information\">Services d&#8217;accessibilit\u00e9<\/a><\/td>\n<\/tr>\n<tr style=\"height: 98px;\">\n<td style=\"width: 262.033px; height: 98px;\"><a href=\"https:\/\/www.budget.ca\/fr\/offers\/ca-offers\/winter-sale\"><img loading=\"lazy\" decoding=\"async\" class=\"aligncenter wp-image-630 size-medium fresco-image\" src=\"https:\/\/cyqm.ca\/wp-content\/uploads\/2016\/10\/Rental-Car-Budget-e1476815039667-300x85.png\" alt=\"rental-car-budget\" width=\"300\" height=\"85\" srcset=\"https:\/\/www.cyqm.ca\/wp-content\/uploads\/2016\/10\/Rental-Car-Budget-e1476815039667-300x85.png 300w, https:\/\/www.cyqm.ca\/wp-content\/uploads\/2016\/10\/Rental-Car-Budget-e1476815039667-768x218.png 768w, https:\/\/www.cyqm.ca\/wp-content\/uploads\/2016\/10\/Rental-Car-Budget-e1476815039667-1024x291.png 1024w, https:\/\/www.cyqm.ca\/wp-content\/uploads\/2016\/10\/Rental-Car-Budget-e1476815039667-200x57.png 200w, https:\/\/www.cyqm.ca\/wp-content\/uploads\/2016\/10\/Rental-Car-Budget-e1476815039667-160x46.png 160w\" sizes=\"auto, (max-width: 300px) 100vw, 300px\" \/><\/a><\/td>\n<td style=\"width: 387.967px; height: 98px;\">T\u00e9l\u00e9phone : 506-854-3273<br \/>\nATS: 1-800-826-5510<br \/>\nCourriel : <a href=\"mailto:deanna.parker@abglocalmarket.ca\">deanna.parker@abglocalmarket.ca<\/a><br \/>\nSite web : <a href=\"https:\/\/www.budget.ca\/fr\/customer-care\">Services d&#8217;accessibilit\u00e9<\/a><\/td>\n<\/tr>\n<tr style=\"height: 56px;\">\n<td style=\"width: 262.033px; height: 56px;\"><a href=\"https:\/\/www.hertz.ca\/rentacar\/reservation\/\"><img loading=\"lazy\" decoding=\"async\" class=\"aligncenter wp-image-4335 size-medium fresco-image\" src=\"https:\/\/cyqm.ca\/wp-content\/uploads\/2018\/08\/Hertz-300x159.png\" alt=\"\" width=\"300\" height=\"159\" srcset=\"https:\/\/www.cyqm.ca\/wp-content\/uploads\/2018\/08\/Hertz-300x159.png 300w, https:\/\/www.cyqm.ca\/wp-content\/uploads\/2018\/08\/Hertz-200x106.png 200w, https:\/\/www.cyqm.ca\/wp-content\/uploads\/2018\/08\/Hertz-160x85.png 160w, https:\/\/www.cyqm.ca\/wp-content\/uploads\/2018\/08\/Hertz.png 594w\" sizes=\"auto, (max-width: 300px) 100vw, 300px\" \/><\/a><\/td>\n<td style=\"width: 387.967px; height: 56px;\">T\u00e9l\u00e9phone : 506-858-8525<br \/>\n1-800-263-0600<br \/>\nCourriel :\u00a0<a href=\"mailto:msparks@hertz.com\">msparks@hertz.com<\/a><br \/>\nSite web : <a href=\"https:\/\/www.hertz.ca\/rentacar\/productservice\/index.jsp?targetPage=PhysicallyChallengedCanada.jsp&amp;leftNavUserSelection=globNav_3_5_1&amp;selectedRegion=Canada\">Services d&#8217;accessibilit\u00e9<\/a><\/td>\n<\/tr>\n<tr style=\"height: 104px;\">\n<td style=\"width: 262.033px; height: 104px;\"><a href=\"https:\/\/www.nationalcar.ca\/fr\/page-daccuueil-de-national.html\"><img loading=\"lazy\" decoding=\"async\" class=\"aligncenter wp-image-633 size-medium fresco-image\" src=\"https:\/\/cyqm.ca\/wp-content\/uploads\/2016\/10\/Rental-Car-National-300x92.png\" alt=\"rental-car-national\" width=\"300\" height=\"92\" srcset=\"https:\/\/www.cyqm.ca\/wp-content\/uploads\/2016\/10\/Rental-Car-National-300x92.png 300w, https:\/\/www.cyqm.ca\/wp-content\/uploads\/2016\/10\/Rental-Car-National-200x61.png 200w, https:\/\/www.cyqm.ca\/wp-content\/uploads\/2016\/10\/Rental-Car-National-160x49.png 160w, https:\/\/www.cyqm.ca\/wp-content\/uploads\/2016\/10\/Rental-Car-National.png 396w\" sizes=\"auto, (max-width: 300px) 100vw, 300px\" \/><\/a><\/td>\n<td style=\"width: 387.967px; height: 104px;\">T\u00e9l\u00e9phone : 506-382-6114<br \/>\nATS: 1-800-328-6323<br \/>\nCourriel : <a href=\"mailto:MobilityAdministration@ehi.com\">MobilityAdministration@ehi.com<\/a><br \/>\nSite web: <a href=\"https:\/\/www.nationalcar.ca\/fr\/soutien\/clients-ayant-un-handicap.html\">Services d&#8217;accessibilit\u00e9<\/a><\/td>\n<\/tr>\n<tr style=\"height: 104px;\">\n<td style=\"width: 262.033px; height: 104px;\"><a href=\"https:\/\/www.enterprise.ca\/fr\/home.html\"><img loading=\"lazy\" decoding=\"async\" class=\"aligncenter wp-image-631 size-medium fresco-image\" src=\"https:\/\/cyqm.ca\/wp-content\/uploads\/2016\/10\/Rental-Car-Enterprise-300x92.png\" alt=\"rental-car-enterprise\" width=\"300\" height=\"92\" srcset=\"https:\/\/www.cyqm.ca\/wp-content\/uploads\/2016\/10\/Rental-Car-Enterprise-300x92.png 300w, https:\/\/www.cyqm.ca\/wp-content\/uploads\/2016\/10\/Rental-Car-Enterprise-200x61.png 200w, https:\/\/www.cyqm.ca\/wp-content\/uploads\/2016\/10\/Rental-Car-Enterprise-160x49.png 160w, https:\/\/www.cyqm.ca\/wp-content\/uploads\/2016\/10\/Rental-Car-Enterprise.png 396w\" sizes=\"auto, (max-width: 300px) 100vw, 300px\" \/><\/a><\/td>\n<td style=\"width: 387.967px; height: 104px;\">T\u00e9l\u00e9phone : 506-382-4256<br \/>\nATS : 1-866-534-9270<br \/>\nCourriel : <a href=\"mailto:Mobility@erac.com\">Mobility@erac.com<\/a><br \/>\nSite web : <a href=\"https:\/\/www.enterprise.ca\/fr\/assistance\/clients-avec-handicap.html\">Services d&#8217;accessibilit\u00e9<\/a><\/td>\n<\/tr>\n<tr style=\"height: 104px;\">\n<td style=\"width: 262.033px; height: 104px;\"><a href=\"https:\/\/www.alamo.ca\/fr\/accueil.html\"><img loading=\"lazy\" decoding=\"async\" class=\"aligncenter wp-image-628 size-medium fresco-image\" src=\"https:\/\/cyqm.ca\/wp-content\/uploads\/2016\/10\/Rental-Car-Alamo-300x92.png\" alt=\"rental-car-alamo\" width=\"300\" height=\"92\" srcset=\"https:\/\/www.cyqm.ca\/wp-content\/uploads\/2016\/10\/Rental-Car-Alamo-300x92.png 300w, https:\/\/www.cyqm.ca\/wp-content\/uploads\/2016\/10\/Rental-Car-Alamo-200x61.png 200w, https:\/\/www.cyqm.ca\/wp-content\/uploads\/2016\/10\/Rental-Car-Alamo-160x49.png 160w, https:\/\/www.cyqm.ca\/wp-content\/uploads\/2016\/10\/Rental-Car-Alamo.png 396w\" sizes=\"auto, (max-width: 300px) 100vw, 300px\" \/><\/a><\/td>\n<td style=\"width: 387.967px; height: 104px;\">Alamo Car Rental<br \/>\nT\u00e9l\u00e9phone : 506-382-7564<br \/>\nATS : 1-800-522-9292<br \/>\nCourriel : <a href=\"mailto:MobilityAdministration@ehi.com\">MobilityAdministration@ehi.com<\/a><br \/>\nSite web\u00a0: <a href=\"https:\/\/www.alamo.ca\/fr\/soutien-a-la-clientele\/customers-with-disabilities.html\">Services d&#8217;accessibilit\u00e9<\/a><\/td>\n<\/tr>\n<\/tbody>\n<\/table>\n<p>Si vous d\u00e9cidez de faire le plein de votre v\u00e9hicule de location avant de le retourner, les stations\u2011service les plus proches sont id\u00e9alement situ\u00e9es dans un rayon de 2,5\u00a0km de l\u2019a\u00e9roport.<\/p>\n<ul>\n<li><a href=\"http:\/\/cyqm.ca\/wp-content\/uploads\/2018\/09\/Gas-Stations-.jpg\">Irving\u00a0: 330, boulevard\u00a0Dieppe, Dieppe, N.\u2011B.<\/a><\/li>\n<li><a href=\"http:\/\/cyqm.ca\/wp-content\/uploads\/2018\/09\/Gas-Stations-.jpg\">Shell\u00a0: 429, boulevard Adelard\u00a0Savoie, Dieppe, N.\u2011B.<\/a><\/li>\n<\/ul>\n<h2>Transport \u00e0 la demande<\/h2>\n<p>Le service de transport \u00e0 la demande est offert \u00e0 YQM. Ce service, offert par la <a href=\"https:\/\/www.dieppe.ca\/fr\/vivre-ici\/transport-la-demande.aspx\">Ville de Dieppe<\/a>, permet aux usagers d\u2019acc\u00e9der \u00e0 un territoire plus vaste \u00e0 l&#8217;int\u00e9rieur de Dieppe lorsqu\u2019ils voyagent, puisqu\u2019il couvre une zone non desservie par les lignes fixes de <a href=\"https:\/\/www.codiactranspo.ca\/fr\">Codiac Transpo<\/a>.<\/p>\n<p>Le transport \u00e0 la demande est une option de transport flexible, efficace et plus r\u00e9active. Il diff\u00e8re du transport r\u00e9gulier en ce que les v\u00e9hicules ne suivent pas des itin\u00e9raires \u00e9tablis. Au lieu de cela, les itin\u00e9raires sont automatiquement ajust\u00e9s en fonction des r\u00e9servations que les utilisateurs effectuent.<\/p>\n<p>Lors de la r\u00e9servation d\u2019un d\u00e9placement (via l\u2019application, le site web ou le t\u00e9l\u00e9phone), les usagers sont inform\u00e9s de l\u2019arr\u00eat o\u00f9 ils doivent se rendre pour \u00eatre pris en charge. Les usagers sont pris en charge pr\u00e8s de l\u2019endroit o\u00f9 leur r\u00e9servation a \u00e9t\u00e9 effectu\u00e9e et d\u00e9pos\u00e9s \u00e0 un arr\u00eat pr\u00e8s de leur destination.<\/p>\n<p><strong>Horaire<\/strong><\/p>\n<ul>\n<li>Lundi \u00e0 samedi, de 6 h \u00e0 22 h<\/li>\n<li>Dimanche, de 9 h \u00e0 18 h 30<\/li>\n<\/ul>\n<p>Pour r\u00e9server un d\u00e9placement, t\u00e9l\u00e9chargez l\u2019application Blaise Transit ou rendez-vous au <a href=\"http:\/\/ride.blaisetransit.com\">ride.blaisetransit.com<\/a>.<\/p>\n<p>Les d\u00e9placements doivent \u00eatre r\u00e9serv\u00e9s au moins 30 minutes \u00e0 l\u2019avance, mais pas plus de 7 jours avant l\u2019heure de d\u00e9part souhait\u00e9e. R\u00e9servez votre d\u00e9placement le plus t\u00f4t possible pour vous assurer qu\u2019il y a de la place pour vous.<\/p>\n<p>Si vous n\u2019avez pas acc\u00e8s \u00e0 l\u2019application ou \u00e0 Internet, vous pouvez \u00e9galement r\u00e9server une course en appelant le (506) 877-7818.<\/p>\n<h2>Taxis<\/h2>\n<p>Un service de taxi est offert \u00e0 partir ou en direction de l\u2019A\u00e9roport international Rom\u00e9o-LeBlanc du Grand Moncton. Les taxis sont situ\u00e9s \u00e0 l\u2019ext\u00e9rieur de l\u2019a\u00e9rogare, pr\u00e8s des portes des arriv\u00e9es.<\/p>\n<p>Les deux entreprises qui desservent notre a\u00e9roport sont :<\/p>\n<p><strong>Air Cab <\/strong><br \/>\nT\u00e9l\u00e9phone : 506-857-2000<br \/>\n1-888-461-0077<br \/>\nCourriel :\u00a0<a href=\"mailto:info@aircab.ca\">info@aircab.ca<\/a><\/p>\n<p><strong>White Cab<\/strong><br \/>\nT\u00e9l\u00e9phone : 506- 857-3000<br \/>\nCourriel : <a href=\"mailto:whitecab@nbnet.nb.ca\">whitecab@nbnet.nb.ca<\/a><\/p>\n<p><a href=\"https:\/\/cyqm.ca\/wp-content\/uploads\/2023\/02\/FINAL_Map_parking_FR_February-2023.pdf\">Une ligne t\u00e9l\u00e9phonique de taxi<\/a> est disponible \u00e0 l\u2019int\u00e9rieur de l\u2019a\u00e9rogare situ\u00e9e pr\u00e8s des comptoirs de location de voitures<strong>.<\/strong><\/p>\n<h2><strong>Services de navettes<\/strong><\/h2>\n<table style=\"table-layout: fixed;\" width=\"666\">\n<tbody>\n<tr>\n<td style=\"width: 262.033px;\"><a href=\"https:\/\/www.ihg.com\/holidayinnexpress\/hotels\/fr\/fr\/dieppe\/yqmdd\/hoteldetail?fromRedirect=true&amp;qSrt=sBR&amp;qDest=Dieppe,%20Canada&amp;setPMCookies=true&amp;dp=true&amp;cm_mmc=PDSEA-_-M_F-AMER_FS-USA_H-AMER_HS-CAN_EX_BSF_EXM_HOTEL-YQMDD_EN&amp;msclkid=4e345eb96fcd1d07ff353b37a689f594&amp;srb_u=1&amp;qChAge=&amp;qRad=30&amp;qRdU=mi\"><img loading=\"lazy\" decoding=\"async\" class=\"aligncenter wp-image-625 size-medium fresco-image\" src=\"https:\/\/cyqm.ca\/wp-content\/uploads\/2016\/10\/Hotel-with-shuttle-Holiday-Inn-Express-Dieppe-300x194.jpg\" alt=\"Holiday Inn Express Dieppe\" width=\"300\" height=\"194\" srcset=\"https:\/\/www.cyqm.ca\/wp-content\/uploads\/2016\/10\/Hotel-with-shuttle-Holiday-Inn-Express-Dieppe-300x194.jpg 300w, https:\/\/www.cyqm.ca\/wp-content\/uploads\/2016\/10\/Hotel-with-shuttle-Holiday-Inn-Express-Dieppe-768x497.jpg 768w, https:\/\/www.cyqm.ca\/wp-content\/uploads\/2016\/10\/Hotel-with-shuttle-Holiday-Inn-Express-Dieppe-1024x663.jpg 1024w, https:\/\/www.cyqm.ca\/wp-content\/uploads\/2016\/10\/Hotel-with-shuttle-Holiday-Inn-Express-Dieppe-200x129.jpg 200w, https:\/\/www.cyqm.ca\/wp-content\/uploads\/2016\/10\/Hotel-with-shuttle-Holiday-Inn-Express-Dieppe-160x104.jpg 160w\" sizes=\"auto, (max-width: 300px) 100vw, 300px\" \/><\/a><\/td>\n<td style=\"width: 387.967px;\">\n<p>Afin de r\u00e9server votre navette, veuillez appeler l\u2019h\u00f4tel directement :<\/p>\n<p>T\u00e9l\u00e9phone : 506-388-5050<br \/>\nCourriel : <a href=\"mailto:guestservices@hieairportdieppe.com\">guestservices@hieairportdieppe.com<\/a><br \/>\nSite web : <a href=\"https:\/\/www.ihg.com\/holidayinnexpress\/hotels\/fr\/fr\/dieppe\/yqmdd\/hoteldetail\">Holiday Inn Express &amp; Suites Dieppe<\/a><\/td>\n<\/tr>\n<\/tbody>\n<\/table>\n<h2>Services d\u2019autobus<\/h2>\n<p>La compagnie de services de transport par autobus Maritime Bus viendra chercher et d\u00e9posera des passagers \u00e0 l\u2019a\u00e9roport si ces derniers en ont fait la demande lors de l\u2019achat du billet.<\/p>\n<p>T\u00e9l\u00e9phone : 1-800-575-1807<br \/>\nCourriel : <a href=\"mailto:info@maritimebus.com\">info@maritimebus.com<\/a><br \/>\nSite web : <a href=\"https:\/\/www.maritimebus.com\/fr\/information-voyage\/services-daccessibilite\">Services d&#8217;accessibilit\u00e9<\/a><\/p>\n","protected":false},"excerpt":{"rendered":"<p>Que vous ayez tout simplement besoin d&#8217;\u00eatre reconduit \u00e0 l\u2019h\u00f4tel, \u00e0 la maison ou au bureau, ou que vous vouliez un moyen de transport plus \u00e0 long terme pendant votre s\u00e9jour dans la r\u00e9gion, de nombreuses entreprises desservent l&#8217;A\u00e9roport international Rom\u00e9o-LeBlanc du Grand Moncton (YQM) avec des services pour vos besoins de transport. Voitures de [&hellip;]<\/p>\n","protected":false},"author":1,"featured_media":7773,"parent":234,"menu_order":0,"comment_status":"closed","ping_status":"closed","template":"","meta":{"_acf_changed":false,"footnotes":""},"class_list":{"0":"post-238","1":"page","2":"type-page","3":"status-publish","4":"has-post-thumbnail","5":"hentry","6":"listing__item","7":"listing__item--page","9":"no-comments"},"acf":[],"_links":{"self":[{"href":"https:\/\/www.cyqm.ca\/fr\/wp-json\/wp\/v2\/pages\/238","targetHints":{"allow":["GET"]}}],"collection":[{"href":"https:\/\/www.cyqm.ca\/fr\/wp-json\/wp\/v2\/pages"}],"about":[{"href":"https:\/\/www.cyqm.ca\/fr\/wp-json\/wp\/v2\/types\/page"}],"author":[{"embeddable":true,"href":"https:\/\/www.cyqm.ca\/fr\/wp-json\/wp\/v2\/users\/1"}],"replies":[{"embeddable":true,"href":"https:\/\/www.cyqm.ca\/fr\/wp-json\/wp\/v2\/comments?post=238"}],"version-history":[{"count":50,"href":"https:\/\/www.cyqm.ca\/fr\/wp-json\/wp\/v2\/pages\/238\/revisions"}],"predecessor-version":[{"id":29213,"href":"https:\/\/www.cyqm.ca\/fr\/wp-json\/wp\/v2\/pages\/238\/revisions\/29213"}],"up":[{"embeddable":true,"href":"https:\/\/www.cyqm.ca\/fr\/wp-json\/wp\/v2\/pages\/234"}],"wp:featuredmedia":[{"embeddable":true,"href":"https:\/\/www.cyqm.ca\/fr\/wp-json\/wp\/v2\/media\/7773"}],"wp:attachment":[{"href":"https:\/\/www.cyqm.ca\/fr\/wp-json\/wp\/v2\/media?parent=238"}],"curies":[{"name":"wp","href":"https:\/\/api.w.org\/{rel}","templated":true}]}}