{"id":287,"date":"2016-07-18T18:10:25","date_gmt":"2016-07-18T18:10:25","guid":{"rendered":"http:\/\/cyqm.ca\/fr\/?page_id=287"},"modified":"2026-05-06T23:21:25","modified_gmt":"2026-05-06T23:21:25","slug":"conseil-administration","status":"publish","type":"page","link":"https:\/\/www.cyqm.ca\/fr\/sujet-de-yqm\/conseil-administration\/","title":{"rendered":"Conseil d&#8217;administration de l&#8217;a\u00e9roport"},"content":{"rendered":"<p>Le 1er septembre 1997, soixante ans apr\u00e8s son ouverture, l\u2019A\u00e9roport international Rom\u00e9o-LeBlanc du Grand Moncton (YQM) devient le premier a\u00e9roport privatis\u00e9 au Canada atlantique faisant partie du R\u00e9seau national des a\u00e9roports.<\/p>\n<p>La Direction de l&#8217;A\u00e9roport international du Grand Moncton Inc. (DAIGM), est une corporation sans but lucratif dirig\u00e9e par le conseil d\u2019administration, n\u2019a aucun actionnaire et ne re\u00e7oit aucune subvention ou fonds publics.<\/p>\n<p>Le conseil d\u2019administration est compos\u00e9 de 14 leaders d\u2019exp\u00e9rience au sein de la collectivit\u00e9, nomm\u00e9s par plusieurs niveaux et organisations de gouvernement :<\/p>\n<ul>\n<li>Ville de Moncton<\/li>\n<li>Ville de Dieppe<\/li>\n<li>Ville de Riverview<\/li>\n<li>Gouvernement du Canada<\/li>\n<li>Province du Nouveau-Brunswick<\/li>\n<li>Chambre du commerce du Grand Moncton<\/li>\n<li>Commission de services r\u00e9gionaux du Sud- Est<\/li>\n<li>Direction de l\u2019A\u00e9roport international du Grand Moncton Inc.<\/li>\n<\/ul>\n<h3>Conseil d\u2019administration<\/h3>\n<table style=\"width: 704.88px;\" width=\"712\">\n<tbody>\n<tr>\n<td style=\"width: 234.96px;\" width=\"33%\"><strong>Nom<\/strong><\/td>\n<td style=\"width: 234.96px;\" width=\"33%\"><strong>R\u00f4le<\/strong><\/td>\n<td style=\"width: 234.96px;\" width=\"33%\"><strong>Proposition de candidature<\/strong><\/td>\n<\/tr>\n<tr>\n<td style=\"width: 234.96px;\">\n<p><img loading=\"lazy\" decoding=\"async\" class=\"alignnone wp-image-27668 fresco-image\" src=\"https:\/\/cyqm.ca\/wp-content\/uploads\/2025\/03\/Elsliger-Luc2colour_2023-300x225.jpg\" alt=\"\" width=\"125\" height=\"94\" srcset=\"https:\/\/www.cyqm.ca\/wp-content\/uploads\/2025\/03\/Elsliger-Luc2colour_2023-300x225.jpg 300w, https:\/\/www.cyqm.ca\/wp-content\/uploads\/2025\/03\/Elsliger-Luc2colour_2023-1024x767.jpg 1024w, https:\/\/www.cyqm.ca\/wp-content\/uploads\/2025\/03\/Elsliger-Luc2colour_2023-768x576.jpg 768w, https:\/\/www.cyqm.ca\/wp-content\/uploads\/2025\/03\/Elsliger-Luc2colour_2023-200x150.jpg 200w, https:\/\/www.cyqm.ca\/wp-content\/uploads\/2025\/03\/Elsliger-Luc2colour_2023-160x120.jpg 160w, https:\/\/www.cyqm.ca\/wp-content\/uploads\/2025\/03\/Elsliger-Luc2colour_2023-841x630.jpg 841w, https:\/\/www.cyqm.ca\/wp-content\/uploads\/2025\/03\/Elsliger-Luc2colour_2023.jpg 1521w\" sizes=\"auto, (max-width: 125px) 100vw, 125px\" \/><\/p>\n<p><strong>Luc Elsliger<\/strong><\/td>\n<td style=\"width: 234.96px;\">Pr\u00e9sident<\/td>\n<td style=\"width: 234.96px;\">Ville de Dieppe<\/td>\n<\/tr>\n<tr>\n<td style=\"width: 234.96px;\"><strong><img loading=\"lazy\" decoding=\"async\" class=\"wp-image-4361 alignnone fresco-image\" src=\"http:\/\/cyqm.ca\/wp-content\/uploads\/2018\/08\/James-Lockyer-2018-150x150.jpg\" alt=\"\" width=\"125\" height=\"166\" srcset=\"https:\/\/www.cyqm.ca\/wp-content\/uploads\/2018\/08\/James-Lockyer-2018-226x300.jpg 226w, https:\/\/www.cyqm.ca\/wp-content\/uploads\/2018\/08\/James-Lockyer-2018-150x200.jpg 150w, https:\/\/www.cyqm.ca\/wp-content\/uploads\/2018\/08\/James-Lockyer-2018-120x160.jpg 120w, https:\/\/www.cyqm.ca\/wp-content\/uploads\/2018\/08\/James-Lockyer-2018.jpg 451w\" sizes=\"auto, (max-width: 125px) 100vw, 125px\" \/><\/strong><strong>James Lockyer<\/strong><\/td>\n<td style=\"width: 234.96px;\">Vice-pr\u00e9sident<\/td>\n<td style=\"width: 234.96px;\">Ville de Moncton<\/td>\n<\/tr>\n<tr>\n<td style=\"width: 234.96px;\" width=\"33%\"><strong><img loading=\"lazy\" decoding=\"async\" class=\"alignnone wp-image-18009 fresco-image\" src=\"https:\/\/cyqm.ca\/wp-content\/uploads\/2023\/01\/CamillaCormier_2023-240x300.jpg\" alt=\"\" width=\"125\" height=\"156\" srcset=\"https:\/\/www.cyqm.ca\/wp-content\/uploads\/2023\/01\/CamillaCormier_2023-240x300.jpg 240w, https:\/\/www.cyqm.ca\/wp-content\/uploads\/2023\/01\/CamillaCormier_2023-819x1024.jpg 819w, https:\/\/www.cyqm.ca\/wp-content\/uploads\/2023\/01\/CamillaCormier_2023-768x960.jpg 768w, https:\/\/www.cyqm.ca\/wp-content\/uploads\/2023\/01\/CamillaCormier_2023-160x200.jpg 160w, https:\/\/www.cyqm.ca\/wp-content\/uploads\/2023\/01\/CamillaCormier_2023-128x160.jpg 128w, https:\/\/www.cyqm.ca\/wp-content\/uploads\/2023\/01\/CamillaCormier_2023-504x630.jpg 504w, https:\/\/www.cyqm.ca\/wp-content\/uploads\/2023\/01\/CamillaCormier_2023.jpg 1200w\" sizes=\"auto, (max-width: 125px) 100vw, 125px\" \/>Camilla Cormier, CPA, CA<\/strong><\/td>\n<td style=\"width: 234.96px;\" width=\"33%\">Secr\u00e9taire-tr\u00e9sori\u00e8re<\/td>\n<td style=\"width: 234.96px;\" width=\"33%\">Direction de l&#8217;A\u00e9roport international du Grand Moncton Inc.<\/td>\n<\/tr>\n<tr>\n<td style=\"width: 234.96px;\" width=\"33%\">\n<p><img loading=\"lazy\" decoding=\"async\" class=\"alignnone wp-image-28650 fresco-image\" src=\"https:\/\/cyqm.ca\/wp-content\/uploads\/2025\/06\/Dan-McLaughlin-2025-247x300.jpg\" alt=\"\" width=\"125\" height=\"152\" srcset=\"https:\/\/www.cyqm.ca\/wp-content\/uploads\/2025\/06\/Dan-McLaughlin-2025-247x300.jpg 247w, https:\/\/www.cyqm.ca\/wp-content\/uploads\/2025\/06\/Dan-McLaughlin-2025-768x933.jpg 768w, https:\/\/www.cyqm.ca\/wp-content\/uploads\/2025\/06\/Dan-McLaughlin-2025-165x200.jpg 165w, https:\/\/www.cyqm.ca\/wp-content\/uploads\/2025\/06\/Dan-McLaughlin-2025-132x160.jpg 132w, https:\/\/www.cyqm.ca\/wp-content\/uploads\/2025\/06\/Dan-McLaughlin-2025-518x630.jpg 518w, https:\/\/www.cyqm.ca\/wp-content\/uploads\/2025\/06\/Dan-McLaughlin-2025.jpg 790w\" sizes=\"auto, (max-width: 125px) 100vw, 125px\" \/><\/p>\n<p><strong>Dan McLaughlin<\/strong><\/td>\n<td style=\"width: 234.96px;\" width=\"33%\">Directeur<\/td>\n<td style=\"width: 234.96px;\" width=\"33%\">Ville de Riverview<\/td>\n<\/tr>\n<tr>\n<td style=\"width: 234.96px;\"><strong><img loading=\"lazy\" decoding=\"async\" class=\"alignnone wp-image-4363 fresco-image\" src=\"http:\/\/cyqm.ca\/wp-content\/uploads\/2018\/08\/Jean-Corriveau-2018-150x150.jpg\" alt=\"\" width=\"125\" height=\"156\" srcset=\"https:\/\/www.cyqm.ca\/wp-content\/uploads\/2018\/08\/Jean-Corriveau-2018-240x300.jpg 240w, https:\/\/www.cyqm.ca\/wp-content\/uploads\/2018\/08\/Jean-Corriveau-2018-768x960.jpg 768w, https:\/\/www.cyqm.ca\/wp-content\/uploads\/2018\/08\/Jean-Corriveau-2018-819x1024.jpg 819w, https:\/\/www.cyqm.ca\/wp-content\/uploads\/2018\/08\/Jean-Corriveau-2018-160x200.jpg 160w, https:\/\/www.cyqm.ca\/wp-content\/uploads\/2018\/08\/Jean-Corriveau-2018-128x160.jpg 128w, https:\/\/www.cyqm.ca\/wp-content\/uploads\/2018\/08\/Jean-Corriveau-2018-504x630.jpg 504w\" sizes=\"auto, (max-width: 125px) 100vw, 125px\" \/><\/strong><strong>Jean Corriveau<\/strong><\/td>\n<td style=\"width: 234.96px;\">Directeur<\/td>\n<td style=\"width: 234.96px;\">Ville de Dieppe<\/td>\n<\/tr>\n<tr>\n<td style=\"width: 234.96px;\"><strong><img loading=\"lazy\" decoding=\"async\" class=\"wp-image-5801 alignnone fresco-image\" src=\"http:\/\/cyqm.ca\/wp-content\/uploads\/2019\/07\/Peter-McIntyre_2019-150x150.jpg\" alt=\"\" width=\"126\" height=\"158\" srcset=\"https:\/\/www.cyqm.ca\/wp-content\/uploads\/2019\/07\/Peter-McIntyre_2019-240x300.jpg 240w, https:\/\/www.cyqm.ca\/wp-content\/uploads\/2019\/07\/Peter-McIntyre_2019-768x960.jpg 768w, https:\/\/www.cyqm.ca\/wp-content\/uploads\/2019\/07\/Peter-McIntyre_2019-819x1024.jpg 819w, https:\/\/www.cyqm.ca\/wp-content\/uploads\/2019\/07\/Peter-McIntyre_2019-160x200.jpg 160w, https:\/\/www.cyqm.ca\/wp-content\/uploads\/2019\/07\/Peter-McIntyre_2019-128x160.jpg 128w, https:\/\/www.cyqm.ca\/wp-content\/uploads\/2019\/07\/Peter-McIntyre_2019-504x630.jpg 504w\" sizes=\"auto, (max-width: 126px) 100vw, 126px\" \/>Peter McIntyre<br \/>\n<\/strong><\/td>\n<td style=\"width: 234.96px;\">Directeur<\/td>\n<td style=\"width: 234.96px;\">Ville de Moncton<\/td>\n<\/tr>\n<tr>\n<td style=\"width: 234.96px;\">\n<p><img loading=\"lazy\" decoding=\"async\" class=\"alignnone wp-image-29037 fresco-image\" src=\"https:\/\/cyqm.ca\/wp-content\/uploads\/2025\/09\/Lisa-Poirier_2025.jpg\" alt=\"\" width=\"125\" height=\"128\" \/><\/p>\n<p><strong>Lisa Poirier<br \/>\n<\/strong><\/td>\n<td style=\"width: 234.96px;\">Directrice<\/td>\n<td style=\"width: 234.96px;\">Province du Nouveau-Brunswick<\/td>\n<\/tr>\n<tr>\n<td style=\"width: 234.96px;\"><strong><img loading=\"lazy\" decoding=\"async\" class=\"alignnone wp-image-22137 fresco-image\" src=\"https:\/\/cyqm.ca\/wp-content\/uploads\/2023\/09\/Vitalite-588_Rejean-Despres_2023-300x271.jpg\" alt=\"\" width=\"155\" height=\"140\" srcset=\"https:\/\/www.cyqm.ca\/wp-content\/uploads\/2023\/09\/Vitalite-588_Rejean-Despres_2023-300x271.jpg 300w, https:\/\/www.cyqm.ca\/wp-content\/uploads\/2023\/09\/Vitalite-588_Rejean-Despres_2023-1024x925.jpg 1024w, https:\/\/www.cyqm.ca\/wp-content\/uploads\/2023\/09\/Vitalite-588_Rejean-Despres_2023-768x693.jpg 768w, https:\/\/www.cyqm.ca\/wp-content\/uploads\/2023\/09\/Vitalite-588_Rejean-Despres_2023-200x181.jpg 200w, https:\/\/www.cyqm.ca\/wp-content\/uploads\/2023\/09\/Vitalite-588_Rejean-Despres_2023-160x144.jpg 160w, https:\/\/www.cyqm.ca\/wp-content\/uploads\/2023\/09\/Vitalite-588_Rejean-Despres_2023-1536x1387.jpg 1536w, https:\/\/www.cyqm.ca\/wp-content\/uploads\/2023\/09\/Vitalite-588_Rejean-Despres_2023-2048x1849.jpg 2048w, https:\/\/www.cyqm.ca\/wp-content\/uploads\/2023\/09\/Vitalite-588_Rejean-Despres_2023-698x630.jpg 698w\" sizes=\"auto, (max-width: 155px) 100vw, 155px\" \/>R\u00e9jean S. Despr\u00e9s, MBA<\/strong><\/td>\n<td style=\"width: 234.96px;\">Directeur<\/td>\n<td style=\"width: 234.96px;\">Direction de l&#8217;A\u00e9roport international du Grand Moncton\u00a0 Inc.<\/td>\n<\/tr>\n<tr>\n<td style=\"width: 234.96px;\">\n<p><img loading=\"lazy\" decoding=\"async\" class=\"alignnone wp-image-12427 fresco-image\" src=\"https:\/\/cyqm.ca\/wp-content\/uploads\/2021\/05\/photo-linda-2017-213x300.jpg\" alt=\"\" width=\"125\" height=\"176\" srcset=\"https:\/\/www.cyqm.ca\/wp-content\/uploads\/2021\/05\/photo-linda-2017-213x300.jpg 213w, https:\/\/www.cyqm.ca\/wp-content\/uploads\/2021\/05\/photo-linda-2017-728x1024.jpg 728w, https:\/\/www.cyqm.ca\/wp-content\/uploads\/2021\/05\/photo-linda-2017-768x1080.jpg 768w, https:\/\/www.cyqm.ca\/wp-content\/uploads\/2021\/05\/photo-linda-2017-142x200.jpg 142w, https:\/\/www.cyqm.ca\/wp-content\/uploads\/2021\/05\/photo-linda-2017-114x160.jpg 114w, https:\/\/www.cyqm.ca\/wp-content\/uploads\/2021\/05\/photo-linda-2017-1092x1536.jpg 1092w, https:\/\/www.cyqm.ca\/wp-content\/uploads\/2021\/05\/photo-linda-2017-1457x2048.jpg 1457w, https:\/\/www.cyqm.ca\/wp-content\/uploads\/2021\/05\/photo-linda-2017-448x630.jpg 448w, https:\/\/www.cyqm.ca\/wp-content\/uploads\/2021\/05\/photo-linda-2017.jpg 1581w\" sizes=\"auto, (max-width: 125px) 100vw, 125px\" \/><\/p>\n<p><strong>Linda Schofield<\/strong><\/td>\n<td style=\"width: 234.96px;\">Directrice<\/td>\n<td style=\"width: 234.96px;\">Direction de l&#8217;A\u00e9roport international du Grand Moncton\u00a0 Inc.<\/td>\n<\/tr>\n<tr>\n<td style=\"width: 234.96px;\"><strong><img loading=\"lazy\" decoding=\"async\" class=\"alignnone wp-image-4909 fresco-image\" src=\"http:\/\/cyqm.ca\/wp-content\/uploads\/2019\/01\/MG_8539-copy-240x300.jpg\" alt=\"\" width=\"125\" height=\"156\" srcset=\"https:\/\/www.cyqm.ca\/wp-content\/uploads\/2019\/01\/MG_8539-copy-240x300.jpg 240w, https:\/\/www.cyqm.ca\/wp-content\/uploads\/2019\/01\/MG_8539-copy-768x960.jpg 768w, https:\/\/www.cyqm.ca\/wp-content\/uploads\/2019\/01\/MG_8539-copy-819x1024.jpg 819w, https:\/\/www.cyqm.ca\/wp-content\/uploads\/2019\/01\/MG_8539-copy-160x200.jpg 160w, https:\/\/www.cyqm.ca\/wp-content\/uploads\/2019\/01\/MG_8539-copy-128x160.jpg 128w, https:\/\/www.cyqm.ca\/wp-content\/uploads\/2019\/01\/MG_8539-copy-504x630.jpg 504w\" sizes=\"auto, (max-width: 125px) 100vw, 125px\" \/>Mike Magee<\/strong><\/td>\n<td style=\"width: 234.96px;\">Directeur<\/td>\n<td style=\"width: 234.96px;\">Gouvernement du Canada<\/td>\n<\/tr>\n<tr>\n<td style=\"width: 234.96px;\">\n<p><img loading=\"lazy\" decoding=\"async\" class=\"alignnone wp-image-24995 fresco-image\" src=\"https:\/\/cyqm.ca\/wp-content\/uploads\/2024\/02\/Francis-LeBlanc_2024-240x300.jpg\" alt=\"\" width=\"125\" height=\"156\" srcset=\"https:\/\/www.cyqm.ca\/wp-content\/uploads\/2024\/02\/Francis-LeBlanc_2024-240x300.jpg 240w, https:\/\/www.cyqm.ca\/wp-content\/uploads\/2024\/02\/Francis-LeBlanc_2024-819x1024.jpg 819w, https:\/\/www.cyqm.ca\/wp-content\/uploads\/2024\/02\/Francis-LeBlanc_2024-768x960.jpg 768w, https:\/\/www.cyqm.ca\/wp-content\/uploads\/2024\/02\/Francis-LeBlanc_2024-160x200.jpg 160w, https:\/\/www.cyqm.ca\/wp-content\/uploads\/2024\/02\/Francis-LeBlanc_2024-128x160.jpg 128w, https:\/\/www.cyqm.ca\/wp-content\/uploads\/2024\/02\/Francis-LeBlanc_2024-504x630.jpg 504w, https:\/\/www.cyqm.ca\/wp-content\/uploads\/2024\/02\/Francis-LeBlanc_2024.jpg 1200w\" sizes=\"auto, (max-width: 125px) 100vw, 125px\" \/><\/p>\n<p><strong>Francis LeBlanc<\/strong><\/td>\n<td style=\"width: 234.96px;\">Directeur<\/td>\n<td style=\"width: 234.96px;\">Gouvernement du Canada<\/td>\n<\/tr>\n<\/tbody>\n<\/table>\n<p>&nbsp;<\/p>\n","protected":false},"excerpt":{"rendered":"<p>Le 1er septembre 1997, soixante ans apr\u00e8s son ouverture, l\u2019A\u00e9roport international Rom\u00e9o-LeBlanc du Grand Moncton (YQM) devient le premier a\u00e9roport privatis\u00e9 au Canada atlantique faisant partie du R\u00e9seau national des a\u00e9roports. La Direction de l&#8217;A\u00e9roport international du Grand Moncton Inc. (DAIGM), est une corporation sans but lucratif dirig\u00e9e par le conseil d\u2019administration, n\u2019a aucun actionnaire [&hellip;]<\/p>\n","protected":false},"author":1,"featured_media":0,"parent":225,"menu_order":0,"comment_status":"closed","ping_status":"closed","template":"","meta":{"_acf_changed":false,"footnotes":""},"class_list":["post-287","page","type-page","status-publish","hentry","listing__item","listing__item--page","no-comments"],"acf":[],"_links":{"self":[{"href":"https:\/\/www.cyqm.ca\/fr\/wp-json\/wp\/v2\/pages\/287","targetHints":{"allow":["GET"]}}],"collection":[{"href":"https:\/\/www.cyqm.ca\/fr\/wp-json\/wp\/v2\/pages"}],"about":[{"href":"https:\/\/www.cyqm.ca\/fr\/wp-json\/wp\/v2\/types\/page"}],"author":[{"embeddable":true,"href":"https:\/\/www.cyqm.ca\/fr\/wp-json\/wp\/v2\/users\/1"}],"replies":[{"embeddable":true,"href":"https:\/\/www.cyqm.ca\/fr\/wp-json\/wp\/v2\/comments?post=287"}],"version-history":[{"count":73,"href":"https:\/\/www.cyqm.ca\/fr\/wp-json\/wp\/v2\/pages\/287\/revisions"}],"predecessor-version":[{"id":29566,"href":"https:\/\/www.cyqm.ca\/fr\/wp-json\/wp\/v2\/pages\/287\/revisions\/29566"}],"up":[{"embeddable":true,"href":"https:\/\/www.cyqm.ca\/fr\/wp-json\/wp\/v2\/pages\/225"}],"wp:attachment":[{"href":"https:\/\/www.cyqm.ca\/fr\/wp-json\/wp\/v2\/media?parent=287"}],"curies":[{"name":"wp","href":"https:\/\/api.w.org\/{rel}","templated":true}]}}