{"id":315,"date":"2016-07-18T18:08:46","date_gmt":"2016-07-18T18:08:46","guid":{"rendered":"http:\/\/cyqm.ca\/fr\/?page_id=315"},"modified":"2017-10-24T13:47:58","modified_gmt":"2017-10-24T13:47:58","slug":"pourpilotes","status":"publish","type":"page","link":"https:\/\/www.cyqm.ca\/fr\/sujet-de-yqm\/pourpilotes\/","title":{"rendered":"Pour pilotes"},"content":{"rendered":"<table width=\"408\">\n<tbody>\n<tr style=\"height: 65px;\">\n<td style=\"height: 65px;\" colspan=\"2\">\n<h3>Caract\u00e9ristiques g\u00e9n\u00e9rales<\/h3>\n<\/td>\n<\/tr>\n<tr style=\"height: 48px;\">\n<td style=\"height: 48px;\" width=\"46%\">Emplacement g\u00e9ographique :<\/td>\n<td style=\"height: 48px;\">Nord 46\u00b0 06&#8242; 44&#8243;<br \/>\nOuest 64<sup>0<\/sup> 40&#8242; 43&#8243;<\/td>\n<\/tr>\n<tr style=\"height: 96px;\">\n<td style=\"height: 96px;\">Distance du centre-ville de Moncton :<br \/>\nDistance du centre-ville de Dieppe :<\/td>\n<td style=\"height: 96px;\">10 km<br \/>\n6 km<\/td>\n<\/tr>\n<tr style=\"height: 24px;\">\n<td style=\"height: 24px;\">Superficie du terrain :<\/td>\n<td style=\"height: 24px;\">760 hectares<\/td>\n<\/tr>\n<tr style=\"height: 96px;\">\n<td style=\"height: 96px;\">Pistes :<\/td>\n<td style=\"height: 96px;\">06\/24 \u2013 3048 m\u00e8tres de longueur\u00a0\u00a0\u00a0\u00a0\u00a0\u00a0\u00a0\u00a0\u00a0\u00a0\u00a0\u00a0\u00a0\u00a0\u00a0\u00a0\u00a0\u00a0\u00a0\u00a0\u00a0\u00a0\u00a0\u00a0\u00a0\u00a0\u00a0\u00a0\u00a0\u00a0\u00a0\u00a0 11\/29 \u2013 2438 m\u00e8tres de longueur<br \/>\nICOA Code 4D<\/td>\n<\/tr>\n<tr style=\"height: 24px;\">\n<td style=\"height: 24px;\">Superficie de l&#8217;a\u00e9rogare :<\/td>\n<td style=\"height: 24px;\">135 000 pieds carr\u00e9s (12 541 m\u00e8tres carr\u00e9s)<\/td>\n<\/tr>\n<tr style=\"height: 24px;\">\n<td style=\"height: 24px;\">Passerelles d\u2019embarquement :<\/td>\n<td style=\"height: 24px;\">2<\/td>\n<\/tr>\n<tr style=\"height: 24px;\">\n<td style=\"height: 24px;\">Comptoirs d\u2019enregistrement :<\/td>\n<td style=\"height: 24px;\">22<\/td>\n<\/tr>\n<tr style=\"height: 24px;\">\n<td style=\"height: 24px;\">Douanes et immigration :<\/td>\n<td style=\"height: 24px;\">oui<\/td>\n<\/tr>\n<tr style=\"height: 24px;\">\n<td style=\"height: 24px;\">Altitude :<\/td>\n<td style=\"height: 24px;\">70.7136 m\u00e8tres<\/td>\n<\/tr>\n<tr style=\"height: 24px;\">\n<td style=\"height: 24px;\">Aides \u00e0 la navigation :<\/td>\n<td style=\"height: 24px;\">Piste 24 \u2013 VOR,\u00a0RNAV<br \/>\nPiste 06 \u2013 ILS ou NBD, RNAV<br \/>\nPiste 11 \u2013\u00a0NDB,\u00a0RNAV<br \/>\nPiste 29 \u2013 ILS ou NDB, RNAV<\/td>\n<\/tr>\n<tr style=\"height: 24px;\">\n<td style=\"height: 24px;\">Balisage lumineux des pistes :<\/td>\n<td style=\"height: 24px;\">06-AN (TE HI)<br \/>\n24-AS (TE HI)P3<br \/>\n11-AO (TE HI)P2<br \/>\n29-AN (TE HI)<\/td>\n<\/tr>\n<\/tbody>\n<\/table>\n<p>&nbsp;<\/p>\n","protected":false},"excerpt":{"rendered":"<p>Caract\u00e9ristiques g\u00e9n\u00e9rales Emplacement g\u00e9ographique : Nord 46\u00b0 06&#8242; 44&#8243; Ouest 640 40&#8242; 43&#8243; Distance du centre-ville de Moncton : Distance du centre-ville de Dieppe : 10 km 6 km Superficie du terrain : 760 hectares Pistes : 06\/24 \u2013 3048 m\u00e8tres de longueur\u00a0\u00a0\u00a0\u00a0\u00a0\u00a0\u00a0\u00a0\u00a0\u00a0\u00a0\u00a0\u00a0\u00a0\u00a0\u00a0\u00a0\u00a0\u00a0\u00a0\u00a0\u00a0\u00a0\u00a0\u00a0\u00a0\u00a0\u00a0\u00a0\u00a0\u00a0\u00a0 11\/29 \u2013 2438 m\u00e8tres de longueur ICOA Code 4D Superficie de l&#8217;a\u00e9rogare [&hellip;]<\/p>\n","protected":false},"author":1,"featured_media":1000,"parent":225,"menu_order":0,"comment_status":"closed","ping_status":"closed","template":"","meta":{"_acf_changed":false,"footnotes":""},"class_list":{"0":"post-315","1":"page","2":"type-page","3":"status-publish","4":"has-post-thumbnail","5":"hentry","6":"listing__item","7":"listing__item--page","9":"no-comments"},"acf":[],"_links":{"self":[{"href":"https:\/\/www.cyqm.ca\/fr\/wp-json\/wp\/v2\/pages\/315","targetHints":{"allow":["GET"]}}],"collection":[{"href":"https:\/\/www.cyqm.ca\/fr\/wp-json\/wp\/v2\/pages"}],"about":[{"href":"https:\/\/www.cyqm.ca\/fr\/wp-json\/wp\/v2\/types\/page"}],"author":[{"embeddable":true,"href":"https:\/\/www.cyqm.ca\/fr\/wp-json\/wp\/v2\/users\/1"}],"replies":[{"embeddable":true,"href":"https:\/\/www.cyqm.ca\/fr\/wp-json\/wp\/v2\/comments?post=315"}],"version-history":[{"count":14,"href":"https:\/\/www.cyqm.ca\/fr\/wp-json\/wp\/v2\/pages\/315\/revisions"}],"predecessor-version":[{"id":16661,"href":"https:\/\/www.cyqm.ca\/fr\/wp-json\/wp\/v2\/pages\/315\/revisions\/16661"}],"up":[{"embeddable":true,"href":"https:\/\/www.cyqm.ca\/fr\/wp-json\/wp\/v2\/pages\/225"}],"wp:featuredmedia":[{"embeddable":true,"href":"https:\/\/www.cyqm.ca\/fr\/wp-json\/wp\/v2\/media\/1000"}],"wp:attachment":[{"href":"https:\/\/www.cyqm.ca\/fr\/wp-json\/wp\/v2\/media?parent=315"}],"curies":[{"name":"wp","href":"https:\/\/api.w.org\/{rel}","templated":true}]}}