{"id":4077,"date":"2018-05-29T14:32:32","date_gmt":"2018-05-29T14:32:32","guid":{"rendered":"http:\/\/cyqm.ca\/?page_id=4077\/"},"modified":"2025-08-13T18:52:37","modified_gmt":"2025-08-13T18:52:37","slug":"environnement","status":"publish","type":"page","link":"https:\/\/www.cyqm.ca\/fr\/environnement\/","title":{"rendered":"Environnement"},"content":{"rendered":"<p>\u00c0 l&#8217;A\u00e9roport international Rom\u00e9o-LeBlanc du Grand Moncton (YQM), nous veillons \u00e0 prot\u00e9ger l&#8217;environnement en r\u00e9duisant l&#8217;impact possible de nos activit\u00e9s. Ainsi, nous mettons en place des politiques et des proc\u00e9dures qui deviennent partie int\u00e9grante de notre culture. YQM s&#8217;attache non seulement \u00e0 respecter la r\u00e9glementation f\u00e9d\u00e9rale en mati\u00e8re d&#8217;environnement, mais \u00e9galement \u00e0 d\u00e9passer les exigences et normes applicables en la mati\u00e8re gr\u00e2ce \u00e0 un syst\u00e8me de gestion environnementale fond\u00e9 sur la norme ISO 14001. Nous avons donc pris l&#8217;engagement d&#8217;am\u00e9liorer continuellement notre performance environnementale.<\/p>\n<p><strong>Notre engagement envers l\u2019environnement<\/strong><\/p>\n<p>Notre syst\u00e8me de gestion environnementale repose sur notre politique en mati\u00e8re d&#8217;environnement, et l&#8217;application de cette politique passe par la gestion efficace du syst\u00e8me.<\/p>\n<p><a href=\"https:\/\/cyqm.ca\/wp-content\/uploads\/2025\/08\/Environmental-Policy-2025_Page_2-scaled.jpg\"><img loading=\"lazy\" decoding=\"async\" class=\"alignnone wp-image-28953 size-large fresco-image\" src=\"https:\/\/cyqm.ca\/wp-content\/uploads\/2025\/08\/Environmental-Policy-2025_Page_2-791x1024.jpg\" alt=\"\" width=\"791\" height=\"1024\" srcset=\"https:\/\/www.cyqm.ca\/wp-content\/uploads\/2025\/08\/Environmental-Policy-2025_Page_2-791x1024.jpg 791w, https:\/\/www.cyqm.ca\/wp-content\/uploads\/2025\/08\/Environmental-Policy-2025_Page_2-232x300.jpg 232w, https:\/\/www.cyqm.ca\/wp-content\/uploads\/2025\/08\/Environmental-Policy-2025_Page_2-768x994.jpg 768w, https:\/\/www.cyqm.ca\/wp-content\/uploads\/2025\/08\/Environmental-Policy-2025_Page_2-155x200.jpg 155w, https:\/\/www.cyqm.ca\/wp-content\/uploads\/2025\/08\/Environmental-Policy-2025_Page_2-124x160.jpg 124w, https:\/\/www.cyqm.ca\/wp-content\/uploads\/2025\/08\/Environmental-Policy-2025_Page_2-1187x1536.jpg 1187w, https:\/\/www.cyqm.ca\/wp-content\/uploads\/2025\/08\/Environmental-Policy-2025_Page_2-1583x2048.jpg 1583w, https:\/\/www.cyqm.ca\/wp-content\/uploads\/2025\/08\/Environmental-Policy-2025_Page_2-487x630.jpg 487w, https:\/\/www.cyqm.ca\/wp-content\/uploads\/2025\/08\/Environmental-Policy-2025_Page_2-scaled.jpg 1979w\" sizes=\"auto, (max-width: 791px) 100vw, 791px\" \/><\/a><\/p>\n","protected":false},"excerpt":{"rendered":"<p>\u00c0 l&#8217;A\u00e9roport international Rom\u00e9o-LeBlanc du Grand Moncton (YQM), nous veillons \u00e0 prot\u00e9ger l&#8217;environnement en r\u00e9duisant l&#8217;impact possible de nos activit\u00e9s. Ainsi, nous mettons en place des politiques et des proc\u00e9dures qui deviennent partie int\u00e9grante de notre culture. YQM s&#8217;attache non seulement \u00e0 respecter la r\u00e9glementation f\u00e9d\u00e9rale en mati\u00e8re d&#8217;environnement, mais \u00e9galement \u00e0 d\u00e9passer les exigences [&hellip;]<\/p>\n","protected":false},"author":7,"featured_media":0,"parent":0,"menu_order":0,"comment_status":"closed","ping_status":"closed","template":"","meta":{"_acf_changed":false,"footnotes":""},"class_list":["post-4077","page","type-page","status-publish","hentry","listing__item","listing__item--page","no-comments"],"acf":[],"_links":{"self":[{"href":"https:\/\/www.cyqm.ca\/fr\/wp-json\/wp\/v2\/pages\/4077","targetHints":{"allow":["GET"]}}],"collection":[{"href":"https:\/\/www.cyqm.ca\/fr\/wp-json\/wp\/v2\/pages"}],"about":[{"href":"https:\/\/www.cyqm.ca\/fr\/wp-json\/wp\/v2\/types\/page"}],"author":[{"embeddable":true,"href":"https:\/\/www.cyqm.ca\/fr\/wp-json\/wp\/v2\/users\/7"}],"replies":[{"embeddable":true,"href":"https:\/\/www.cyqm.ca\/fr\/wp-json\/wp\/v2\/comments?post=4077"}],"version-history":[{"count":5,"href":"https:\/\/www.cyqm.ca\/fr\/wp-json\/wp\/v2\/pages\/4077\/revisions"}],"predecessor-version":[{"id":5161,"href":"https:\/\/www.cyqm.ca\/fr\/wp-json\/wp\/v2\/pages\/4077\/revisions\/5161"}],"wp:attachment":[{"href":"https:\/\/www.cyqm.ca\/fr\/wp-json\/wp\/v2\/media?parent=4077"}],"curies":[{"name":"wp","href":"https:\/\/api.w.org\/{rel}","templated":true}]}}